{"id":1080,"date":"2026-04-30T16:50:34","date_gmt":"2026-04-30T16:50:34","guid":{"rendered":"https:\/\/www.volttansform.com\/?post_type=product&#038;p=1080"},"modified":"2026-04-30T16:50:57","modified_gmt":"2026-04-30T16:50:57","slug":"scb14-amorphe-legierung-trockener-transformator-ultra-verlustarm-hohe-effizienz-energiesparend-typ","status":"publish","type":"product","link":"https:\/\/www.volttansform.com\/de\/product\/scb14-amorphous-alloy-dry-type-transformer-ultra-low-loss-high-efficiency-energy-saving-type\/","title":{"rendered":"SCB14 Trockentransformator mit amorpher Legierung (extrem niedriger Verlust und hoher Wirkungsgrad, energiesparender Typ)"},"content":{"rendered":"<p data-start=\"261\" data-end=\"502\">Der Trockentransformator SCB14 mit amorpher Legierung repr\u00e4sentiert die neueste Generation besonders energieeffizienter Transformatoren, die f\u00fcr Anwendungen entwickelt wurden, die maximale Energieeinsparungen, hohe Zuverl\u00e4ssigkeit und Umweltvertr\u00e4glichkeit erfordern.<\/p>\n<p data-start=\"504\" data-end=\"651\">Er verwendet einen Kern aus einer amorphen Legierung, der sowohl die Leerlauf- als auch die Lastverluste im Vergleich zu herk\u00f6mmlichen Trockentransformatoren erheblich reduziert.<\/p>\n<ul data-start=\"653\" data-end=\"741\">\n<li data-section-id=\"55ke07\" data-start=\"653\" data-end=\"694\">Reduzierung der Leerlaufverluste um bis zu 75%<\/li>\n<li data-section-id=\"mdpfkm\" data-start=\"695\" data-end=\"741\">Verringerung des Lastverlusts um etwa 15%<\/li>\n<\/ul>\n<p data-start=\"743\" data-end=\"890\">Aufgrund der geringen Verluste und der reduzierten W\u00e4rmeentwicklung gew\u00e4hrleistet der Transformator einen stabilen Betrieb, einen geringeren Temperaturanstieg und eine l\u00e4ngere Lebensdauer.<\/p>\n<p data-start=\"892\" data-end=\"916\">Es ist weit verbreitet in:<\/p>\n<ul data-start=\"917\" data-end=\"1102\">\n<li data-section-id=\"1a6ypiu\" data-start=\"917\" data-end=\"958\">St\u00e4dtische Infrastruktur und intelligente St\u00e4dte<\/li>\n<li data-section-id=\"1cjgh73\" data-start=\"959\" data-end=\"986\">Wohngemeinschaften<\/li>\n<li data-section-id=\"1won0jv\" data-start=\"987\" data-end=\"1025\">Umgebungen mit hoher Lastschwankung<\/li>\n<li data-section-id=\"9fqccg\" data-start=\"1026\" data-end=\"1061\">Energiesparende Nachr\u00fcstungsprojekte<\/li>\n<li data-section-id=\"ikoknv\" data-start=\"1062\" data-end=\"1102\">Industrielle und gewerbliche Einrichtungen<\/li>\n<\/ul>\n<hr data-start=\"1104\" data-end=\"1107\" \/>\n<h2 data-section-id=\"g4vs8k\" data-start=\"1109\" data-end=\"1135\">\ud83d\udd39 Einhaltung von Normen<\/h2>\n<ul data-start=\"1137\" data-end=\"1387\">\n<li data-section-id=\"1t9ehtv\" data-start=\"1137\" data-end=\"1187\">IEC 60076-11 - Leistungstransformatoren in Trockenbauweise<\/li>\n<li data-section-id=\"1cu5kzl\" data-start=\"1188\" data-end=\"1228\">GB\/T 1094.1 - Leistungstransformatoren<\/li>\n<li data-section-id=\"12jd1ed\" data-start=\"1229\" data-end=\"1273\">GB\/T 1094.11 - Trocken-Transformatoren<\/li>\n<li data-section-id=\"ux6cq6\" data-start=\"1274\" data-end=\"1337\">GB\/T 22072 - Trocken-Transformatoren mit amorphem Legierungskern<\/li>\n<li data-section-id=\"16sztuj\" data-start=\"1338\" data-end=\"1387\">GB 20052-2020 - Normen f\u00fcr die Energieeffizienz<\/li>\n<\/ul>\n<hr data-start=\"1389\" data-end=\"1392\" \/>\n<h2 data-section-id=\"17fvu7l\" data-start=\"1394\" data-end=\"1412\">\ud83d\udd39 Hauptmerkmale<\/h2>\n<h3 data-section-id=\"1ol6i72\" data-start=\"1414\" data-end=\"1458\">\u2714 Ultra-niedriger Verlust und maximale Energieeinsparung<\/h3>\n<ul data-start=\"1459\" data-end=\"1547\">\n<li data-section-id=\"1x848h3\" data-start=\"1459\" data-end=\"1500\">Reduzierung der Leerlaufverluste um bis zu 75%<\/li>\n<li data-section-id=\"1lpzq52\" data-start=\"1501\" data-end=\"1547\">Verringerung des Lastverlusts um etwa 15%<\/li>\n<\/ul>\n<p data-start=\"1549\" data-end=\"1613\">\ud83d\udc49 Erhebliche Verringerung des Energieverbrauchs und der Betriebskosten<\/p>\n<hr data-start=\"1615\" data-end=\"1618\" \/>\n<h3 data-section-id=\"1j61dxh\" data-start=\"1620\" data-end=\"1655\">\u2714 Ausgezeichnete thermische Leistung<\/h3>\n<ul data-start=\"1656\" data-end=\"1782\">\n<li data-section-id=\"7iudyg\" data-start=\"1656\" data-end=\"1700\">Geringe W\u00e4rmeentwicklung und Temperaturerh\u00f6hung<\/li>\n<li data-section-id=\"t6pvm\" data-start=\"1701\" data-end=\"1751\">Stabiler Betrieb unter wechselnden Lastbedingungen<\/li>\n<li data-section-id=\"1vk4k9v\" data-start=\"1752\" data-end=\"1782\">Starke \u00dcberlastbarkeit<\/li>\n<\/ul>\n<hr data-start=\"1784\" data-end=\"1787\" \/>\n<h3 data-section-id=\"xrppzx\" data-start=\"1789\" data-end=\"1824\">\u2714 Hohe Sicherheit und Feuerbest\u00e4ndigkeit<\/h3>\n<ul data-start=\"1825\" data-end=\"1972\">\n<li data-section-id=\"1wfxzed\" data-start=\"1825\" data-end=\"1888\">Schwer entflammbare und selbstverl\u00f6schende D\u00e4mmstoffe<\/li>\n<li data-section-id=\"5xvfgt\" data-start=\"1889\" data-end=\"1927\">\u00d6lfreier, schadstofffreier Betrieb<\/li>\n<li data-section-id=\"hv4ye5\" data-start=\"1928\" data-end=\"1972\">Geeignet f\u00fcr brandgef\u00e4hrdete Umgebungen<\/li>\n<\/ul>\n<hr data-start=\"1974\" data-end=\"1977\" \/>\n<h3 data-section-id=\"45b4gy\" data-start=\"1979\" data-end=\"2021\">\u2714 Wartungsfrei &amp; einfache Installation<\/h3>\n<ul data-start=\"2022\" data-end=\"2101\">\n<li data-section-id=\"1dgkqrb\" data-start=\"2022\" data-end=\"2053\">Keine \u00d6lpflege erforderlich<\/li>\n<li data-section-id=\"1vf2z81\" data-start=\"2054\" data-end=\"2101\">Einfache Installation mit niedrigen Lebenszykluskosten<\/li>\n<\/ul>\n<hr data-start=\"2103\" data-end=\"2106\" \/>\n<h3 data-section-id=\"xytu0r\" data-start=\"2108\" data-end=\"2147\">\u2714 Starke Anpassungsf\u00e4higkeit an die Umwelt<\/h3>\n<ul data-start=\"2148\" data-end=\"2253\">\n<li data-section-id=\"1sg5xls\" data-start=\"2148\" data-end=\"2203\">Widerstandsf\u00e4hig gegen Feuchtigkeit, Staub und raue Umgebungen<\/li>\n<li data-section-id=\"1bwu3en\" data-start=\"2204\" data-end=\"2253\">Geeignet f\u00fcr verschmutzte und feuchtigkeitsintensive Bereiche<\/li>\n<\/ul>\n<hr data-start=\"2255\" data-end=\"2258\" \/>\n<h3 data-section-id=\"fbb471\" data-start=\"2260\" data-end=\"2299\">\u2714 Ger\u00e4uscharm &amp; geringe Teilentladung<\/h3>\n<ul data-start=\"2300\" data-end=\"2369\">\n<li data-section-id=\"1au475t\" data-start=\"2300\" data-end=\"2319\">Ger\u00e4uscharmer Betrieb<\/li>\n<li data-section-id=\"4atb1d\" data-start=\"2320\" data-end=\"2369\">Reduzierte elektromagnetische und elektrische Belastung<\/li>\n<\/ul>\n<hr data-start=\"2371\" data-end=\"2374\" \/>\n<h3 data-section-id=\"5dsqk\" data-start=\"2376\" data-end=\"2411\">\u2714 Intelligentes \u00dcberwachungssystem<\/h3>\n<ul data-start=\"2412\" data-end=\"2552\">\n<li data-section-id=\"15m0qj2\" data-start=\"2412\" data-end=\"2454\">Eingebautes Temperaturschutzsystem<\/li>\n<li data-section-id=\"tkptgy\" data-start=\"2455\" data-end=\"2503\">\u00dcberwachung der Betriebsbedingungen in Echtzeit<\/li>\n<li data-section-id=\"b1b1yd\" data-start=\"2504\" data-end=\"2552\">Optionale Fern\u00fcberwachung und Kommunikation<\/li>\n<\/ul>\n<hr data-start=\"2554\" data-end=\"2557\" \/>\n<h2 data-section-id=\"1hq6i26\" data-start=\"2559\" data-end=\"2582\">\ud83d\udd39 Struktureller Entwurf<\/h2>\n<h3 data-section-id=\"mp6v7c\" data-start=\"2584\" data-end=\"2595\">\ud83d\udd38 Kern<\/h3>\n<ul data-start=\"2596\" data-end=\"2737\">\n<li data-section-id=\"9h3ww1\" data-start=\"2596\" data-end=\"2634\">Hergestellt aus amorphem Legierungsband<\/li>\n<li data-section-id=\"769hdj\" data-start=\"2635\" data-end=\"2687\">Rechteckiger Querschnitt, dreiteilige Struktur<\/li>\n<li data-section-id=\"wit3dp\" data-start=\"2688\" data-end=\"2737\">Konstruktion mit h\u00e4ngendem Kern (Kern nicht belastet)<\/li>\n<\/ul>\n<p data-start=\"2739\" data-end=\"2752\">\u27a1 Vorteile:<\/p>\n<ul data-start=\"2753\" data-end=\"2812\">\n<li data-section-id=\"582cbb\" data-start=\"2753\" data-end=\"2776\">Ultra-niedriger Kernverlust<\/li>\n<li data-section-id=\"89vlle\" data-start=\"2777\" data-end=\"2812\">Verbesserte Stabilit\u00e4t und Lebensdauer<\/li>\n<\/ul>\n<hr data-start=\"2814\" data-end=\"2817\" \/>\n<h3 data-section-id=\"1ap7nz8\" data-start=\"2819\" data-end=\"2834\">\ud83d\udd38 Wicklungen<\/h3>\n<ul data-start=\"2835\" data-end=\"2979\">\n<li data-section-id=\"3gb30n\" data-start=\"2835\" data-end=\"2871\">Niederspannung: Kupferfolienwicklung<\/li>\n<li data-section-id=\"azyyld\" data-start=\"2872\" data-end=\"2942\">Hochspannung: Hochfester Lackdraht mit Epoxidharzverguss<\/li>\n<li data-section-id=\"4z6hz8\" data-start=\"2943\" data-end=\"2979\">Glasfaserverst\u00e4rkte Struktur<\/li>\n<\/ul>\n<p data-start=\"2981\" data-end=\"2992\">\u27a1 Merkmale:<\/p>\n<ul data-start=\"2993\" data-end=\"3095\">\n<li data-section-id=\"13oalcl\" data-start=\"2993\" data-end=\"3023\">Hohe mechanische Festigkeit<\/li>\n<li data-section-id=\"8yccqp\" data-start=\"3024\" data-end=\"3057\">Ausgezeichnete Feuchtigkeitsbest\u00e4ndigkeit<\/li>\n<li data-section-id=\"ksx06x\" data-start=\"3058\" data-end=\"3095\">Rissfestes Isoliersystem<\/li>\n<\/ul>\n<hr data-start=\"3097\" data-end=\"3100\" \/>\n<h3 data-section-id=\"62m5j1\" data-start=\"3102\" data-end=\"3129\">\ud83d\udd38 Mechanischer Aufbau<\/h3>\n<ul data-start=\"3130\" data-end=\"3256\">\n<li data-section-id=\"15uwioc\" data-start=\"3130\" data-end=\"3172\">Kern auf Hochspannungswicklung aufgeh\u00e4ngt<\/li>\n<li data-section-id=\"1xn8t6x\" data-start=\"3173\" data-end=\"3256\">Haupttragende Komponenten:\n<ul data-start=\"3207\" data-end=\"3256\">\n<li data-section-id=\"1sd0z8u\" data-start=\"3207\" data-end=\"3229\">Spannende Struktur<\/li>\n<li data-section-id=\"18a2xj1\" data-start=\"3232\" data-end=\"3256\">Hochspannungswicklung<\/li>\n<\/ul>\n<\/li>\n<\/ul>\n<p data-start=\"3258\" data-end=\"3268\">\u27a1 Gew\u00e4hrleistet:<\/p>\n<ul data-start=\"3269\" data-end=\"3347\">\n<li data-section-id=\"1skqwzh\" data-start=\"3269\" data-end=\"3300\">Hohe mechanische Zuverl\u00e4ssigkeit<\/li>\n<li data-section-id=\"2okl7i\" data-start=\"3301\" data-end=\"3347\">Widerstandsf\u00e4higkeit gegen stressbedingte Verluste steigt<\/li>\n<\/ul>\n<hr data-start=\"3349\" data-end=\"3352\" \/>\n<h3 data-section-id=\"1x6mgn9\" data-start=\"3354\" data-end=\"3378\">\ud83d\udd38 Schutzsystem<\/h3>\n<ul data-start=\"3379\" data-end=\"3469\">\n<li data-section-id=\"13gmoks\" data-start=\"3379\" data-end=\"3436\">Vollst\u00e4ndiges Temperatur\u00fcberwachungs- und -schutzsystem<\/li>\n<li data-section-id=\"1hxmbao\" data-start=\"3437\" data-end=\"3469\">F\u00e4higkeit zur Fern\u00fcberwachung<\/li>\n<\/ul>\n<p data-start=\"3471\" data-end=\"3513\">\u27a1 Gew\u00e4hrleistet einen sicheren und intelligenten Betrieb<\/p>\n<hr data-start=\"3515\" data-end=\"3518\" \/>\n<h2 data-section-id=\"15du31k\" data-start=\"3520\" data-end=\"3538\">\ud83d\udd39 Anwendungen<\/h2>\n<ul data-start=\"3540\" data-end=\"3760\">\n<li data-section-id=\"fc820v\" data-start=\"3540\" data-end=\"3568\">Intelligente st\u00e4dtische Energiesysteme<\/li>\n<li data-section-id=\"1148gsj\" data-start=\"3569\" data-end=\"3602\">St\u00e4dtische Infrastrukturprojekte<\/li>\n<li data-section-id=\"1rursjf\" data-start=\"3603\" data-end=\"3643\">Wohn- und Gesch\u00e4ftskomplexe<\/li>\n<li data-section-id=\"p9p65o\" data-start=\"3644\" data-end=\"3669\">Industrielle Einrichtungen<\/li>\n<li data-section-id=\"11v8fy\" data-start=\"3670\" data-end=\"3710\">Erneuerbare Energien und gr\u00fcne Geb\u00e4ude<\/li>\n<li data-section-id=\"1gzeyax\" data-start=\"3711\" data-end=\"3760\">Umgebungen mit hohen Anforderungen an den Brandschutz<\/li>\n<\/ul>\n<hr data-start=\"3762\" data-end=\"3765\" \/>\n<h2 data-section-id=\"1rg4wz9\" data-start=\"3767\" data-end=\"3791\">\ud83d\udd39 Vorteile Zusammenfassung<\/h2>\n<ul data-start=\"3793\" data-end=\"4022\">\n<li data-section-id=\"1bj4wm6\" data-start=\"3793\" data-end=\"3842\">\u00c4u\u00dferst geringer Verlust und erstklassige Energieeffizienz<\/li>\n<li data-section-id=\"imtizl\" data-start=\"3843\" data-end=\"3886\">Umweltfreundlich und recycelbar<\/li>\n<li data-section-id=\"7pudim\" data-start=\"3887\" data-end=\"3909\">Feuerfest und sicher<\/li>\n<li data-section-id=\"1ysv9yx\" data-start=\"3910\" data-end=\"3940\">Wartungsfreier Betrieb<\/li>\n<li data-section-id=\"lki8uc\" data-start=\"3941\" data-end=\"3986\">Hohe Anpassungsf\u00e4higkeit an raue Umgebungen<\/li>\n<li data-section-id=\"1tr686h\" data-start=\"3987\" data-end=\"4022\">Ideal f\u00fcr gr\u00fcne Energieprojekte<\/li>\n<\/ul>\n<hr data-start=\"4024\" data-end=\"4027\" \/>\n<h1 data-section-id=\"1lxd8kj\" data-start=\"4029\" data-end=\"4036\">\u2753 FAQ<\/h1>\n<h3 data-section-id=\"wsxnxs\" data-start=\"4038\" data-end=\"4095\">1\ufe0f\u20e3 Was ist der Vorteil von SCB14 im Vergleich zu SCB13?<\/h3>\n<p data-start=\"4097\" data-end=\"4162\">Der SCB14-Transformator verwendet einen Kern aus einer amorphen Legierung und bietet:<\/p>\n<ul data-start=\"4163\" data-end=\"4236\">\n<li data-section-id=\"gqnaor\" data-start=\"4163\" data-end=\"4199\">Bis zu 75% geringerer Leerlaufverlust<\/li>\n<li data-section-id=\"h1hk0b\" data-start=\"4200\" data-end=\"4236\">Bessere Energiesparleistung<\/li>\n<\/ul>\n<p data-start=\"4238\" data-end=\"4319\">\ud83d\udc49 Sie ist die beste Wahl f\u00fcr Projekte mit strengen Anforderungen an die Energieeffizienz.<\/p>\n<hr data-start=\"4321\" data-end=\"4324\" \/>\n<h3 data-section-id=\"kvyl37\" data-start=\"4326\" data-end=\"4391\">2\ufe0f\u20e3 Ist SCB14 f\u00fcr Umgebungen mit hohen Lastschwankungen geeignet?<\/h3>\n<p data-start=\"4393\" data-end=\"4423\">Ja, es funktioniert sehr gut:<\/p>\n<ul data-start=\"4424\" data-end=\"4496\">\n<li data-section-id=\"13gy1cu\" data-start=\"4424\" data-end=\"4445\">Wohngebiete<\/li>\n<li data-section-id=\"1ai3z9h\" data-start=\"4446\" data-end=\"4470\">St\u00e4dtische Infrastruktur<\/li>\n<li data-section-id=\"1u1iohq\" data-start=\"4471\" data-end=\"4496\">Systeme mit variabler Last<\/li>\n<\/ul>\n<p data-start=\"4498\" data-end=\"4552\">\ud83d\udc49 Aufgrund der geringen Verluste und der stabilen thermischen Leistung.<\/p>\n<hr data-start=\"4554\" data-end=\"4557\" \/>\n<h3 data-section-id=\"dwut0p\" data-start=\"4559\" data-end=\"4608\">3\ufe0f\u20e3 Muss der Transformator gewartet werden?<\/h3>\n<p data-start=\"4610\" data-end=\"4674\">Nein, der SCB14 ist ein wartungsfreier Transformator, der nur eine Wartung ben\u00f6tigt:<\/p>\n<ul data-start=\"4675\" data-end=\"4734\">\n<li data-section-id=\"1mj82eg\" data-start=\"4675\" data-end=\"4697\">Routinekontrolle<\/li>\n<li data-section-id=\"11wb77g\" data-start=\"4698\" data-end=\"4734\">\u00dcberwachung durch ein Schutzsystem<\/li>\n<\/ul>\n<hr data-start=\"4736\" data-end=\"4739\" \/>\n<h3 data-section-id=\"crlx0q\" data-start=\"4741\" data-end=\"4795\">4\ufe0f\u20e3 Kann dieser Transformator eine intelligente \u00dcberwachung unterst\u00fctzen?<\/h3>\n<p data-start=\"4797\" data-end=\"4814\">Ja, es unterst\u00fctzt:<\/p>\n<ul data-start=\"4815\" data-end=\"4899\">\n<li data-section-id=\"13oiu88\" data-start=\"4815\" data-end=\"4841\">\u00dcberwachung der Temperatur<\/li>\n<li data-section-id=\"i8cj7\" data-start=\"4842\" data-end=\"4866\">Alarm und Schutz<\/li>\n<li data-section-id=\"1k55pve\" data-start=\"4867\" data-end=\"4899\">Systeme zur Fernkommunikation<\/li>\n<\/ul>\n<p data-start=\"4901\" data-end=\"4965\">\ud83d\udc49 Geeignet f\u00fcr die Integration von intelligenten Netzen und intelligenten Geb\u00e4uden.<\/p>","protected":false},"excerpt":{"rendered":"<p>Der Trockentransformator SCB14 mit amorpher Legierung repr\u00e4sentiert die neueste Generation besonders energieeffizienter Transformatoren, die f\u00fcr Anwendungen entwickelt wurden, die maximale Energieeinsparungen, hohe Zuverl\u00e4ssigkeit und Umweltvertr\u00e4glichkeit erfordern.<\/p>","protected":false},"featured_media":1117,"comment_status":"open","ping_status":"closed","template":"","meta":{"site-sidebar-layout":"default","site-content-layout":"","ast-site-content-layout":"default","site-content-style":"default","site-sidebar-style":"default","ast-global-header-display":"","ast-banner-title-visibility":"","ast-main-header-display":"","ast-hfb-above-header-display":"","ast-hfb-below-header-display":"","ast-hfb-mobile-header-display":"","site-post-title":"","ast-breadcrumbs-content":"","ast-featured-img":"","footer-sml-layout":"","ast-disable-related-posts":"","theme-transparent-header-meta":"default","adv-header-id-meta":"","stick-header-meta":"","header-above-stick-meta":"","header-main-stick-meta":"","header-below-stick-meta":"","astra-migrate-meta-layouts":"set","ast-page-background-enabled":"default","ast-page-background-meta":{"desktop":{"background-color":"","background-image":"","background-repeat":"repeat","background-position":"center center","background-size":"auto","background-attachment":"scroll","background-type":"","background-media":"","overlay-type":"","overlay-color":"","overlay-opacity":"","overlay-gradient":""},"tablet":{"background-color":"","background-image":"","background-repeat":"repeat","background-position":"center center","background-size":"auto","background-attachment":"scroll","background-type":"","background-media":"","overlay-type":"","overlay-color":"","overlay-opacity":"","overlay-gradient":""},"mobile":{"background-color":"","background-image":"","background-repeat":"repeat","background-position":"center center","background-size":"auto","background-attachment":"scroll","background-type":"","background-media":"","overlay-type":"","overlay-color":"","overlay-opacity":"","overlay-gradient":""}},"ast-content-background-meta":{"desktop":{"background-color":"var(--ast-global-color-5)","background-image":"","background-repeat":"repeat","background-position":"center center","background-size":"auto","background-attachment":"scroll","background-type":"","background-media":"","overlay-type":"","overlay-color":"","overlay-opacity":"","overlay-gradient":""},"tablet":{"background-color":"var(--ast-global-color-5)","background-image":"","background-repeat":"repeat","background-position":"center center","background-size":"auto","background-attachment":"scroll","background-type":"","background-media":"","overlay-type":"","overlay-color":"","overlay-opacity":"","overlay-gradient":""},"mobile":{"background-color":"var(--ast-global-color-5)","background-image":"","background-repeat":"repeat","background-position":"center center","background-size":"auto","background-attachment":"scroll","background-type":"","background-media":"","overlay-type":"","overlay-color":"","overlay-opacity":"","overlay-gradient":""}}},"product_brand":[],"product_cat":[53],"product_tag":[40,54,55,21,41,42,25,64,28,65],"class_list":{"0":"post-1080","1":"product","2":"type-product","3":"status-publish","4":"has-post-thumbnail","6":"product_cat-dry-type-power-transformer","7":"product_tag-amorphous-alloy-transformer","8":"product_tag-cast-resin-transformer","9":"product_tag-dry-type-transformer","10":"product_tag-electrical-equipment","11":"product_tag-energy-saving-transformer","12":"product_tag-green-energy-transformer","13":"product_tag-power-transformer","14":"product_tag-scb14-transformer","15":"product_tag-transformer-manufacturer","16":"product_tag-ultra-low-loss-transformer","17":"desktop-align-left","18":"tablet-align-left","19":"mobile-align-left","21":"first","22":"instock","23":"shipping-taxable","24":"product-type-simple"},"_links":{"self":[{"href":"https:\/\/www.volttansform.com\/de\/wp-json\/wp\/v2\/product\/1080","targetHints":{"allow":["GET"]}}],"collection":[{"href":"https:\/\/www.volttansform.com\/de\/wp-json\/wp\/v2\/product"}],"about":[{"href":"https:\/\/www.volttansform.com\/de\/wp-json\/wp\/v2\/types\/product"}],"replies":[{"embeddable":true,"href":"https:\/\/www.volttansform.com\/de\/wp-json\/wp\/v2\/comments?post=1080"}],"wp:featuredmedia":[{"embeddable":true,"href":"https:\/\/www.volttansform.com\/de\/wp-json\/wp\/v2\/media\/1117"}],"wp:attachment":[{"href":"https:\/\/www.volttansform.com\/de\/wp-json\/wp\/v2\/media?parent=1080"}],"wp:term":[{"taxonomy":"product_brand","embeddable":true,"href":"https:\/\/www.volttansform.com\/de\/wp-json\/wp\/v2\/product_brand?post=1080"},{"taxonomy":"product_cat","embeddable":true,"href":"https:\/\/www.volttansform.com\/de\/wp-json\/wp\/v2\/product_cat?post=1080"},{"taxonomy":"product_tag","embeddable":true,"href":"https:\/\/www.volttansform.com\/de\/wp-json\/wp\/v2\/product_tag?post=1080"}],"curies":[{"name":"wp","href":"https:\/\/api.w.org\/{rel}","templated":true}]}}